{"id":3580,"date":"2021-09-24T14:31:57","date_gmt":"2021-09-24T14:31:57","guid":{"rendered":"https:\/\/invitas.oostervelddesign.nl\/?page_id=3580"},"modified":"2021-12-09T12:16:14","modified_gmt":"2021-12-09T12:16:14","slug":"particulier-2","status":"publish","type":"page","link":"https:\/\/invitas.nl\/index.php\/particulier-2\/","title":{"rendered":"Particulier"},"content":{"rendered":"<p>[vc_row css=&#8221;.vc_custom_1586773118010{margin-bottom: 0px !important;}&#8221; custom_css_code=&#8221;JTQwbWVkaWElMjAlMjhtYXgtd2lkdGglM0ElMjA5OTJweCUyOSU3QiUwQS52Y19jb2x1bW4taW5uZXIlMjAuZ2VtLWJ1dHRvbi1wb3NpdGlvbi1sZWZ0JTIwJTdCJTBBJTIwJTIwJTIwJTIwZmxvYXQlM0ElMjBub25lJTNCJTBBJTdEJTBBLnZjX2NvbHVtbi1pbm5lciUyMCU3QiUwQSUyMCUyMCUyMCUyMHRleHQtYWxpZ24lM0ElMjBjZW50ZXIlMjFpbXBvcnRhbnQlM0IlMEElN0QlMEEuZ2VtLWJ1dHRvbi1wb3NpdGlvbi1sZWZ0JTIwLmdlbS1idXR0b24lN0IlMEElMjAlMjAlMjAlMjBtYXJnaW4tcmlnaHQlM0ElMjAwJTNCJTBBJTdEJTBBJTdE&#8221;][vc_column]<div id=\"fullwidth-block-6a0450e02b37a\" class=\"fullwidth-block fullwidth-block-parallax-fixed clearfix\" data-mobile-parallax-enable=\"0\" style=\"padding-top: 150px;padding-bottom: 100px;\"><script type=\"text\/javascript\">if (typeof(gem_fix_fullwidth_position) == \"function\") { gem_fix_fullwidth_position(document.getElementById(\"fullwidth-block-6a0450e02b37a\")); }<\/script><div class=\"fullwidth-block-background\" style=\"background-image: url(https:\/\/invitas.nl\/wp-content\/uploads\/2021\/11\/AdobeStock_303544313-scaled.jpeg);background-repeat: no-repeat; background-size: cover;background-position: center top;\"><\/div><div class=\"fullwidth-block-parallax-overlay\" style=\"background-color: rgba(58,59,78,0.7);\"><\/div><div class=\"fullwidth-block-inner\"><div class=\"container\">[vc_row_inner css=&#8221;.vc_custom_1586773121585{margin-bottom: 0px !important;}&#8221;][vc_column_inner offset=&#8221;vc_col-lg-3 vc_col-md-3 vc_col-xs-12&#8243;]<div class=\"clearboth\"><\/div><div class=\"gem-divider \" style=\"margin-top: 25px;\"><\/div><div class=\"centered-box\"><div class=\"gem-icon gem-icon-pack-material gem-icon-size-large  gem-icon-shape-romb\"  style=\"border-color: #252850;border-color: #ffffff;opacity: 1;\"><div class=\"gem-icon-inner\" style=\"background-color: #252850;\"><div class=\"romb-icon-conteiner\"><span class=\"gem-icon-half-1\" style=\"color: #4298b5;\"><span class=\"back-angle\">&#xf58e;<\/span><\/span><span class=\"gem-icon-half-2\" style=\"color: #4298b5;\"><span class=\"back-angle\">&#xf58e;<\/span><\/span><\/div><\/div><\/div><\/div>[vc_column_text]<\/p>\n<p style=\"text-align: center;\"><span style=\"color: #ffffff;\">INVITAS VOOR U ALS PARTICULIERE KLANT<\/span><\/p>\n<p>[\/vc_column_text][\/vc_column_inner][vc_column_inner offset=&#8221;vc_col-lg-6 vc_col-md-offset-1 vc_col-md-8 vc_col-xs-12&#8243;]<div class=\"clearboth\"><\/div><div class=\"gem-divider \" style=\"margin-top: 20px;\"><\/div>[vc_column_text]<\/p>\n<h2><span style=\"color: #4298b5;\">NOG VER VAN MIJN BED<\/span><span style=\"color: #4298b5;\"><br \/>\n<\/span><\/h2>\n<p>[\/vc_column_text][vc_column_text]<\/p>\n<div class=\"styled-subtitle\">\n<p><span style=\"color: #ffffff;\">Wanneer er over pensioen wordt gesproken, zijn vaak de eerste gedachten:<\/span><\/p>\n<p><span style=\"color: #4298b5;\">\u2022<\/span> <span style=\"color: #ffffff;\">Dat komt nog wel, het duurt toch nog zo lang !<br \/>\n<\/span><span style=\"color: #4298b5;\">\u2022<\/span> <span style=\"color: #ffffff;\">Moeilijk, saai en niet te begrijpen !<br \/>\n<\/span><span style=\"color: #4298b5;\">\u2022<\/span>\u00a0<span style=\"color: #ffffff;\">Ik kan er zelf toch niets aan veranderen!<\/span><\/p>\n<\/div>\n<p>[\/vc_column_text][vc_column_text]<\/p>\n<h2><span style=\"color: #4298b5;\"><a style=\"color: #4298b5; text-decoration: underline;\" href=\"http:\/\/invitas.nl\/wp-content\/uploads\/2020\/02\/De-pensioencoach.pdf\" target=\"_blank\" rel=\"noopener\">PENSIOENCOACH<\/a><br \/>\n<\/span><\/h2>\n<p>[\/vc_column_text][vc_column_text]<\/p>\n<div class=\"styled-subtitle\">\n<p><span style=\"color: #ffffff;\">Nadenken over uw geld voor later kan ook best leuk zijn. En waarom lijkt het dan toch zo moeilijk, saai en niet te begrijpen, als er eigenlijk maar drie vragen zijn die voor u belangrijk zijn:<\/span><\/p>\n<p><span style=\"color: #4298b5;\">\u2022<\/span> <span style=\"color: #ffffff;\">Wanneer krijg ik mijn geld uitbetaald?<br \/>\n<\/span><span style=\"color: #4298b5;\">\u2022<\/span> <span style=\"color: #ffffff;\">Hoeveel krijg ik netto uitbetaald?<br \/>\n<\/span><span style=\"color: #4298b5;\">\u2022<\/span> <span style=\"color: #ffffff;\">Hoe lang krijg ik mijn geld uitbetaald?<\/span><\/p>\n<\/div>\n<p>[\/vc_column_text][vc_column_text]<\/p>\n<div class=\"styled-subtitle\"><span style=\"color: #ffffff;\">De <a style=\"color: #ffffff;\" href=\"http:\/\/invitas.nl\/wp-content\/uploads\/2020\/02\/De-pensioencoach.pdf\" target=\"_blank\" rel=\"noopener\"><span style=\"text-decoration: underline;\">Pensioencoach<\/span><\/a> helpt u om deze drie vragen te beantwoorden. Hiervoor moet veel informatie worden verzameld en is het nodigde rekenwerk nodig. Dat doet de Pensioencoach. Samen selecteren wij de benodigde informatie en bespreken wij uw wensen. Zoals bijvoorbeeld de vraag: &#8220;Wanneer wilt u stoppen met werken?&#8221; In uw persoonlijke pensioenrapport wordt dit voor u uitgewerkt en ziet u waar u aan toe bent.\u00a0\u00a0<\/span><\/div>\n<p>[\/vc_column_text]<div class=\"clearboth\"><\/div><div class=\"gem-divider \" style=\"margin-top: 60px;\"><\/div>[\/vc_column_inner][\/vc_row_inner]<\/div><\/div><\/div>[\/vc_column][\/vc_row][vc_row][vc_column]<div class=\"clearboth\"><\/div><div class=\"gem-divider \" style=\"margin-top: 22px;\"><\/div>[\/vc_column][\/vc_row][vc_row][vc_column width=&#8221;1\/3&#8243;]<div class=\"gem-textbox  centered-box\"  ><div class=\"gem-textbox-inner\" style=\"border: 2px solid #252850;border-top-left-radius: 20px;border-top-right-radius: 20px;border-bottom-right-radius: 20px;border-bottom-left-radius: 20px;\"><div class=\"gem-textbox-content\" style=\"background-color: #953262;background-position: center top;\">[vc_column_text]<\/p>\n<h3><span class=\"light\" style=\"color: #ffffff;\">allerlei BELANGRIJKE PERSOONLIJKE afwegingen<\/span><\/h3>\n<p>[\/vc_column_text]<div class=\"clearboth\"><\/div><div class=\"gem-divider \" style=\"\"><\/div><\/div><\/div><\/div>[\/vc_column][vc_column width=&#8221;1\/3&#8243;]<div class=\"clearboth\"><\/div><div class=\"gem-divider \" style=\"\"><\/div>[vc_column_text]Maar nadenken over uw inkomen voor later is slechts \u00e9\u00e9n onderdeel. Er kunnen veel meer belangrijke momenten zijn in het leven. Denkt u bijvoorbeeld eens aan:[\/vc_column_text][vc_column_text]<strong><span style=\"color: #4298b5;\">GEZIN<\/span><\/strong>[\/vc_column_text][vc_column_text]<\/p>\n<div class=\"wpb_text_column wpb_content_element vc_custom_1623518181342\"><\/div>\n<div class=\"wpb_text_column wpb_content_element \">\n<ul style=\"list-style-type: square;\">\n<li class=\"wpb_wrapper\">samenwonen\/trouwen<\/li>\n<li class=\"wpb_wrapper\">kinderen<\/li>\n<li class=\"wpb_wrapper\">scheiden<\/li>\n<li class=\"wpb_wrapper\">overlijden<\/li>\n<li class=\"wpb_wrapper\">erfenis<\/li>\n<\/ul>\n<\/div>\n<p>[\/vc_column_text][vc_column_text]<strong><span style=\"color: #4298b5;\">WERK, INKOMEN EN VERMOGEN<\/span><\/strong>[\/vc_column_text][vc_column_text]<\/p>\n<div class=\"wpb_text_column wpb_content_element vc_custom_1623518181342\"><\/div>\n<div class=\"wpb_text_column wpb_content_element \">\n<div class=\"wpb_wrapper\">\n<div class=\"wpb_text_column wpb_content_element \">\n<ul style=\"list-style-type: square;\">\n<li>een nieuwe baan<\/li>\n<li>ontslag<\/li>\n<li>ziek zijn<\/li>\n<li>minder werken of eerder stoppen met werken<\/li>\n<li>vermogen uit sparen, beleggen of erfenis<\/li>\n<\/ul>\n<\/div>\n<\/div>\n<\/div>\n<p>[\/vc_column_text][vc_column_text]<strong><span style=\"color: #4298b5;\">WONING<\/span><\/strong>[\/vc_column_text][vc_column_text]<\/p>\n<div class=\"wpb_text_column wpb_content_element vc_custom_1623518181342\">\n<div class=\"wpb_wrapper\">\n<div>\n<ul style=\"list-style-type: square;\">\n<li>een nieuwe woning<\/li>\n<li>verhuizen<\/li>\n<li>wel of geen hypotheek<\/li>\n<li>wel of niet aflossen op de hypotheek<\/li>\n<\/ul>\n<\/div>\n<\/div>\n<\/div>\n<p>[\/vc_column_text][vc_column_text]Als deze gebeurtenissen kunnen dus gevolgen hebben voor uw financi\u00eble situatie, nu en straks. Het is aan te raden hierbij goed stil te staan, soms al v\u00f3\u00f3raf maar zeker op het moment dat bepaalde omstandigheden zich voordoen.[\/vc_column_text][vc_column_text]<strong><span style=\"color: #4298b5;\">INZICHT IN UW INKOMEN VOOR LATER<\/span><\/strong>[\/vc_column_text][vc_column_text]Wij geven u inzicht in uw inkomen voor later, over de hoogte van uw pensioenuitkering en de mogelijkheden hiermee. Wij laten u zien hoeveel netto geld u straks gaat ontvangen. Ook geven wij u interessante tips en adviezen over het zo optimaal mogelijk gebruik maken van uw opgebouwde \u201cpot met geld\u201d. Het is tenslotte uw eigen geld waar u later uw inkomen uit gaat ontvangen. En misschien kunt u dan ook nog eerder stoppen met werken.[\/vc_column_text][vc_column_text]<strong><span style=\"color: #4298b5;\">EEN GEGARANDEERDE PENSIOENUITKERING OF DOORBELEGGEN NA DE PENSIOENDATUM?<\/span><\/strong>[\/vc_column_text][vc_column_text]In veel pensioenregelingen wordt een pensioenkapitaal opgebouwd. Dit kapitaal wordt, op het moment dat u stopt met werken, omgezet naar een levenslange pensioenuitkering. U heeft hierbij verschillende keuzes. U kunt kiezen voor een volledig gegarandeerde pensioenuitkering. Omdat de rente echter zo laag staat, kan een alternatief zijn om door te beleggen na uw pensioendatum. Dit betekent dat uw pensioenuitkering dan niet gegarandeerd is, maar dat u kunt profiteren van de resultaten van doorbeleggen.<\/p>\n<p>Dit is een belangrijke keuze. En deze keuze moet wel bij u passen en verantwoord zijn. Want de uitkering kan stijgen, wanneer het met de beurs goed gaat. Maar ook kan de uitkering dalen, wanneer de rendementen minder goed zijn. De Pensioencoach maakt deze mogelijkheden en verschillen voor u inzichtelijk. En samen bepalen wij of het een verantwoorde keuze is.[\/vc_column_text][\/vc_column][vc_column width=&#8221;1\/3&#8243;]<div class=\"clearboth\"><\/div><div class=\"gem-divider \" style=\"\"><\/div>[vc_column_text]<strong><span style=\"color: #4298b5;\">LIJFRENTE<\/span><\/strong>[\/vc_column_text][vc_column_text]Veel mensen hebben een lijfrente voorziening. Dit is veelal een lijfrenteverzekering of een lijfrente spaar- of beleggersrekening. Wat kunt u hiermee? De regels zijn de laatste jaren veelvuldig aangepast. De oude toepassingsmogelijkheden kunnen veranderd zijn. Wij vertellen u alles over de mogelijkheden met uw opgebouwde lijfrentekapitaal.[\/vc_column_text][vc_column_text]<strong><span style=\"color: #4298b5;\">GOUDEN HANDDRUK &#8211; STAMRECHT &#8211; STAMRECHT B.V.<\/span><\/strong>[\/vc_column_text][vc_column_text]Tegenwoordig moet over een transitievergoeding direct belasting worden betaald. Een ontslagvergoeding van v\u00f3\u00f3r 2014 kan nog &#8220;geparkeerd&#8221; staan in een stamrecht B.V. , bij een bank of bij een verzekeraar.\u00a0 Dit &#8220;geparkeerde&#8221; kapitaal kan op vele momenten worden omgezet naar een stamrechtuitkering. Een veel voorkomende oplossing is om de uitkering te gebruiken om eerder te stoppen met werken. Een andere oplossing is om de uitkering te gebruiken als aanvulling op uw pensioeninkomen. Het is hierbij van belang de mogelijkheden en gevolgen voor belastingheffing goed te (laten) bekijken. Wanneer er sprake is van een Stamrecht B.V. zijn er zeker extra aandachtspunten. Zo kunt u de uitkering uit de Stamrecht B.V. laten uitbetalen, maar u kunt de uitkering ook door een bank of verzekeraar laten doen. Wij maken u de verschillen inzichtelijk en informeren u over de verschillende gevolgen voor de te betalen belastingen. Wanneer er sprake is van een stamrecht B.V. is het uiterst belangrijk om vooraf met elkaar de mogelijkheden te bespreken. Een mogelijke zgn. &#8220;fiscale vrijval&#8221; ligt op de loer, waardoor u dit wel duizenden euro&#8217;s vennootschapsbelasting kan gaan kosten. Advies hierbij is dus zeer wenselijk![\/vc_column_text][vc_column_text]<strong><span style=\"color: #4298b5;\">SAMENLOOP VERSCHILLENDE INKOMENS<\/span><\/strong>[\/vc_column_text][vc_column_text]Om u een goed beeld te geven van uw toekomstige inkomen verwerken wij alle inkomensonderdelen (uw pensioenuitkeringen van verschillende uitvoerders, uw eventuele stamrecht- of lijfrente-uitkering en uw AOW-uitkering) tot \u00e9\u00e9n bruto- en netto maandinkomen. Op basis van het gewenste netto besteedbare inkomen verdelen wij de verschillende uitkering zo, dat dit het beste aansluit bij uw (te verwachten en gewenste) uitgaven.<\/p>\n<p>Om een juist beeld te krijgen van het gezamenlijke gezinsinkomen kan ook het inkomen van de partner worden meegenomen. En uiteraard geven wij u ook inzicht in het inkomen voor uw partner\/gezin, in het geval dat u overlijdt.[\/vc_column_text][vc_column_text]<strong><span style=\"color: #4298b5;\">VERGELIJKING VAN AANBIEDERS<\/span><\/strong>[\/vc_column_text][vc_column_text]Wanneer u uw pensioen-, lijfrente- en\/of stamrechtkapitaal wilt gaan omzetten naar een uitkering, dan kunt u vaak kiezen voor verschillende aanbieders. Wij bespreken met elkaar waar uw voorkeur naar uitgaat en maken dan een vergelijking van de verschillende aanbieders. Hierbij kijken wij naar het best passende aanbod. Wij kijken hierbij naar de hoogte van de uitkering die u gaat ontvangen. Ook maken wij een afweging tussen een zekere uitkering of een uitkering afhankelijk van beleggen (als dit bij u past) en kijken ook of desbetreffende aanbieder aan alle verplichtingen kan voldoen.[\/vc_column_text]<div class=\"gem-button-container gem-button-position-fullwidth thegem-button-6a0450e02b82d4387\" ><a title=\"contact\" class=\"gem-button gem-button-size-medium gem-button-style-outline gem-button-text-weight-normal gem-button-border-2\" style=\"border-radius: 22px;border-color: #326295;background: linear-gradient(to bottom, #252850, #326295);color: #dde8f3;\" onmouseleave=\"this.style.borderColor='#326295';this.style.backgroundColor='transparent';this.style.color='#dde8f3';this.style.background='linear-gradient(to bottom , #252850 , #326295)';\" onmouseenter=\"this.style.backgroundColor='#326295';this.style.color='#ffffff';this.style.background='linear-gradient(to bottom , #326295 , #4298b5)';\" href=\"https:\/\/www.invitas.nl\/index.php\/contact\/\" target=\"_self\">CONTACT<\/a><\/div> [\/vc_column][\/vc_row][vc_row][vc_column css=&#8221;.vc_custom_1623775001635{padding-right: 111px !important;padding-left: 111px !important;background-color: #252850 !important;border-radius: 20px !important;}&#8221;]<div class=\"gem-textbox  centered-box\"  ><div class=\"gem-textbox-inner\" style=\"border-top-left-radius: 20px;border-top-right-radius: 20px;border-bottom-right-radius: 20px;border-bottom-left-radius: 20px;\"><div class=\"gem-textbox-content\" style=\"background-color: #252850;background-position: center top;\">[vc_column_text]<\/p>\n<div class=\"title-h3\" style=\"text-align: center;\"><span style=\"color: #4298b5;\">Invitas Pensioen Consult &amp; Financi\u00eble Planning<\/span><\/div>\n<p>[\/vc_column_text][vc_column_text css=&#8221;.vc_custom_1639052172740{margin-top: -22px !important;}&#8221;]<\/p>\n<div class=\"styled-subtitle\" style=\"text-align: center;\"><span style=\"color: #ffffff;\">Voor werkgevers, werknemers, particulieren en zelfstandig ondernemers.<\/span><\/div>\n<p>[\/vc_column_text]<\/div><\/div><\/div>[\/vc_column][\/vc_row][vc_row][vc_column][vc_empty_space height=&#8221;22&#8243;][\/vc_column][\/vc_row]<\/p>\n","protected":false},"excerpt":{"rendered":"<p>[vc_row css=&#8221;.vc_custom_1586773118010{margin-bottom: 0px !important;}&#8221; custom_css_code=&#8221;JTQwbWVkaWElMjAlMjhtYXgtd2lkdGglM0ElMjA5OTJweCUyOSU3QiUwQS52Y19jb2x1bW4taW5uZXIlMjAuZ2VtLWJ1dHRvbi1wb3NpdGlvbi1sZWZ0JTIwJTdCJTBBJTIwJTIwJTIwJTIwZmxvYXQlM0ElMjBub25lJTNCJTBBJTdEJTBBLnZjX2NvbHVtbi1pbm5lciUyMCU3QiUwQSUyMCUyMCUyMCUyMHRleHQtYWxpZ24lM0ElMjBjZW50ZXIlMjFpbXBvcnRhbnQlM0IlMEElN0QlMEEuZ2VtLWJ1dHRvbi1wb3NpdGlvbi1sZWZ0JTIwLmdlbS1idXR0b24lN0IlMEElMjAlMjAlMjAlMjBtYXJnaW4tcmlnaHQlM0ElMjAwJTNCJTBBJTdEJTBBJTdE&#8221;][vc_column][\/vc_column][\/vc_row][vc_row][vc_column][\/vc_column][\/vc_row][vc_row][vc_column width=&#8221;1\/3&#8243;][\/vc_column][vc_column width=&#8221;1\/3&#8243;][vc_column_text]Maar nadenken over uw inkomen voor later is slechts \u00e9\u00e9n onderdeel. Er kunnen veel&#8230;<\/p>\n","protected":false},"author":1,"featured_media":0,"parent":0,"menu_order":0,"comment_status":"closed","ping_status":"closed","template":"","meta":{"footnotes":""},"class_list":["post-3580","page","type-page","status-publish"],"_links":{"self":[{"href":"https:\/\/invitas.nl\/index.php\/wp-json\/wp\/v2\/pages\/3580","targetHints":{"allow":["GET"]}}],"collection":[{"href":"https:\/\/invitas.nl\/index.php\/wp-json\/wp\/v2\/pages"}],"about":[{"href":"https:\/\/invitas.nl\/index.php\/wp-json\/wp\/v2\/types\/page"}],"author":[{"embeddable":true,"href":"https:\/\/invitas.nl\/index.php\/wp-json\/wp\/v2\/users\/1"}],"replies":[{"embeddable":true,"href":"https:\/\/invitas.nl\/index.php\/wp-json\/wp\/v2\/comments?post=3580"}],"version-history":[{"count":91,"href":"https:\/\/invitas.nl\/index.php\/wp-json\/wp\/v2\/pages\/3580\/revisions"}],"predecessor-version":[{"id":4543,"href":"https:\/\/invitas.nl\/index.php\/wp-json\/wp\/v2\/pages\/3580\/revisions\/4543"}],"wp:attachment":[{"href":"https:\/\/invitas.nl\/index.php\/wp-json\/wp\/v2\/media?parent=3580"}],"curies":[{"name":"wp","href":"https:\/\/api.w.org\/{rel}","templated":true}]}}